{"id":104,"date":"2022-03-26T05:12:13","date_gmt":"2022-03-26T05:12:13","guid":{"rendered":"https:\/\/kenaz.pt\/?page_id=104"},"modified":"2022-05-17T13:59:06","modified_gmt":"2022-05-17T13:59:06","slug":"servicos","status":"publish","type":"page","link":"https:\/\/kenaz.pt\/en\/servicos\/","title":{"rendered":"Services"},"content":{"rendered":"<div data-elementor-type=\"wp-page\" data-elementor-id=\"104\" class=\"elementor elementor-104\" data-elementor-post-type=\"page\">\n\t\t\t\t\t\t<section class=\"elementor-section elementor-top-section elementor-element elementor-element-c6d65d8 elementor-section-full_width elementor-reverse-mobile elementor-reverse-tablet elementor-section-height-default elementor-section-height-default\" data-id=\"c6d65d8\" data-element_type=\"section\">\n\t\t\t\t\t\t<div class=\"elementor-container elementor-column-gap-default\">\n\t\t\t\t\t<div class=\"elementor-column elementor-col-50 elementor-top-column elementor-element elementor-element-d485233\" data-id=\"d485233\" data-element_type=\"column\">\n\t\t\t<div class=\"elementor-widget-wrap elementor-element-populated\">\n\t\t\t\t\t\t<div class=\"elementor-element elementor-element-fa2ac58 elementor-widget elementor-widget-sec-title\" data-id=\"fa2ac58\" data-element_type=\"widget\" data-widget_type=\"sec-title.default\">\n\t\t\t\t<div class=\"elementor-widget-container\">\n\t\t\t\t\t<div class=\"tt-heading tt-heading-left margin-bottom-off tt-heading-lg tt-heading-stroke-none  anim-fadeinup\">\r\n\t\t\t\t\t\t\t<h3 class=\"tt-heading-subtitle text-gray\">SERVICES<\/h3>\r\n\t\t\t\t\t\t\t\t\t\t<h2 class=\"tt-heading-title\">Knowledge<br>\nProviders<\/h2>\r\n\t\t\t\t\t\t\t\t<\/div>\r\n        \t\t<\/div>\n\t\t\t\t<\/div>\n\t\t\t\t<div class=\"elementor-element elementor-element-24ba88a elementor-widget elementor-widget-button\" data-id=\"24ba88a\" data-element_type=\"widget\" data-widget_type=\"button.default\">\n\t\t\t\t<div class=\"elementor-widget-container\">\n\t\t\t\t\t\t\t<div class=\"elementor-button-wrapper\">\n\t\t\t\t\t<a class=\"elementor-button elementor-button-link elementor-size-md\" href=\"https:\/\/kenaz.pt\/en\/contactos\/\">\n\t\t\t\t\t\t<span class=\"elementor-button-content-wrapper\">\n\t\t\t\t\t\t\t\t\t<span class=\"elementor-button-text\">Contact Us<\/span>\n\t\t\t\t\t<\/span>\n\t\t\t\t\t<\/a>\n\t\t\t\t<\/div>\n\t\t\t\t\t\t<\/div>\n\t\t\t\t<\/div>\n\t\t\t\t\t<\/div>\n\t\t<\/div>\n\t\t\t\t<div class=\"elementor-column elementor-col-50 elementor-top-column elementor-element elementor-element-750c7ec\" data-id=\"750c7ec\" data-element_type=\"column\">\n\t\t\t<div class=\"elementor-widget-wrap elementor-element-populated\">\n\t\t\t\t\t\t<div class=\"elementor-element elementor-element-6471d93 elementor-widget elementor-widget-flux-image\" data-id=\"6471d93\" data-element_type=\"widget\" data-widget_type=\"flux-image.default\">\n\t\t\t\t<div class=\"elementor-widget-container\">\n\t\t\t\t\t<div class=\"tt-image anim-fadeinup tti-fixed-height-off  margin-bottom-df\">\r\n\t\t<figure class=\"width-100\">\r\n\t\t<img decoding=\"async\" class=\"anim-image-parallax-off tt-lazy\" src=\"https:\/\/kenaz.pt\/wp-content\/themes\/flux\/includes\/img\/low-qlt-thumb.jpg\" data-src=\"https:\/\/kenaz.pt\/wp-content\/uploads\/2022\/03\/services-master.png\" alt=\"\">\r\n\t\t\t\t<\/figure>\r\n\t\t<\/div>\r\n        \t\t<\/div>\n\t\t\t\t<\/div>\n\t\t\t\t\t<\/div>\n\t\t<\/div>\n\t\t\t\t\t<\/div>\n\t\t<\/section>\n\t\t\t\t<section class=\"elementor-section elementor-top-section elementor-element elementor-element-3d0ec65 elementor-section-boxed elementor-section-height-default elementor-section-height-default\" data-id=\"3d0ec65\" data-element_type=\"section\">\n\t\t\t\t\t\t<div class=\"elementor-container elementor-column-gap-default\">\n\t\t\t\t\t<div class=\"elementor-column elementor-col-100 elementor-top-column elementor-element elementor-element-548141e\" data-id=\"548141e\" data-element_type=\"column\">\n\t\t\t<div class=\"elementor-widget-wrap elementor-element-populated\">\n\t\t\t\t\t\t<div class=\"elementor-element elementor-element-0ea541f elementor-widget elementor-widget-heading\" data-id=\"0ea541f\" data-element_type=\"widget\" data-widget_type=\"heading.default\">\n\t\t\t\t<div class=\"elementor-widget-container\">\n\t\t\t<h2 class=\"elementor-heading-title elementor-size-default\">Services<\/h2>\t\t<\/div>\n\t\t\t\t<\/div>\n\t\t\t\t<div class=\"elementor-element elementor-element-97f330c elementor-widget elementor-widget-jet-listing-grid\" data-id=\"97f330c\" data-element_type=\"widget\" data-settings=\"{&quot;columns&quot;:&quot;1&quot;}\" data-widget_type=\"jet-listing-grid.default\">\n\t\t\t\t<div class=\"elementor-widget-container\">\n\t\t\t<div class=\"jet-listing-grid jet-listing\"><div class=\"jet-listing-grid__items grid-col-desk-1 grid-col-tablet-1 grid-col-mobile-1 jet-listing-grid--198\" data-queried-id=\"104|WP_Post\" data-nav=\"{&quot;enabled&quot;:false,&quot;type&quot;:null,&quot;more_el&quot;:null,&quot;query&quot;:[],&quot;widget_settings&quot;:{&quot;lisitng_id&quot;:198,&quot;posts_num&quot;:50,&quot;columns&quot;:1,&quot;columns_tablet&quot;:1,&quot;columns_mobile&quot;:1,&quot;column_min_width&quot;:240,&quot;column_min_width_tablet&quot;:240,&quot;column_min_width_mobile&quot;:240,&quot;inline_columns_css&quot;:false,&quot;is_archive_template&quot;:&quot;&quot;,&quot;post_status&quot;:[&quot;publish&quot;],&quot;use_random_posts_num&quot;:&quot;&quot;,&quot;max_posts_num&quot;:9,&quot;not_found_message&quot;:&quot;No data was found&quot;,&quot;is_masonry&quot;:false,&quot;equal_columns_height&quot;:&quot;&quot;,&quot;use_load_more&quot;:&quot;&quot;,&quot;load_more_id&quot;:&quot;&quot;,&quot;load_more_type&quot;:&quot;click&quot;,&quot;load_more_offset&quot;:{&quot;unit&quot;:&quot;px&quot;,&quot;size&quot;:0,&quot;sizes&quot;:[]},&quot;use_custom_post_types&quot;:&quot;&quot;,&quot;custom_post_types&quot;:[],&quot;hide_widget_if&quot;:&quot;&quot;,&quot;carousel_enabled&quot;:&quot;&quot;,&quot;slides_to_scroll&quot;:&quot;1&quot;,&quot;arrows&quot;:&quot;true&quot;,&quot;arrow_icon&quot;:&quot;fa fa-angle-left&quot;,&quot;dots&quot;:&quot;&quot;,&quot;autoplay&quot;:&quot;true&quot;,&quot;pause_on_hover&quot;:&quot;true&quot;,&quot;autoplay_speed&quot;:5000,&quot;infinite&quot;:&quot;true&quot;,&quot;center_mode&quot;:&quot;&quot;,&quot;effect&quot;:&quot;slide&quot;,&quot;speed&quot;:500,&quot;inject_alternative_items&quot;:&quot;&quot;,&quot;injection_items&quot;:[],&quot;scroll_slider_enabled&quot;:&quot;&quot;,&quot;scroll_slider_on&quot;:[&quot;desktop&quot;,&quot;tablet&quot;,&quot;mobile&quot;],&quot;custom_query&quot;:false,&quot;custom_query_id&quot;:&quot;&quot;,&quot;_element_id&quot;:&quot;&quot;,&quot;collapse_first_last_gap&quot;:false,&quot;list_tag_selection&quot;:&quot;&quot;,&quot;list_items_wrapper_tag&quot;:&quot;div&quot;,&quot;list_item_tag&quot;:&quot;div&quot;,&quot;empty_items_wrapper_tag&quot;:&quot;div&quot;}}\" data-page=\"1\" data-pages=\"1\" data-listing-source=\"posts\" data-listing-id=\"198\" data-query-id=\"\"><div class=\"jet-listing-grid__item jet-listing-dynamic-post-578\" data-post-id=\"578\"  >\t\t<div data-elementor-type=\"jet-listing-items\" data-elementor-id=\"198\" class=\"elementor elementor-198\" data-elementor-post-type=\"jet-engine\">\n\t\t\t\t<div class=\"elementor-element elementor-element-14e2d2b e-flex e-con-boxed elementor-invisible e-con e-parent\" data-id=\"14e2d2b\" data-element_type=\"container\" data-settings=\"{&quot;animation&quot;:&quot;fadeInUp&quot;}\">\n\t\t\t\t\t<div class=\"e-con-inner\">\n\t\t<div class=\"elementor-element elementor-element-b264b45 e-con-full e-flex e-con e-child\" data-id=\"b264b45\" data-element_type=\"container\">\n\t\t\t\t<div class=\"elementor-element elementor-element-81aae1d elementor-widget elementor-widget-image\" data-id=\"81aae1d\" data-element_type=\"widget\" data-widget_type=\"image.default\">\n\t\t\t\t<div class=\"elementor-widget-container\">\n\t\t\t\t\t\t\t\t\t\t\t\t\t<img decoding=\"async\" width=\"79\" height=\"63\" src=\"https:\/\/kenaz.pt\/wp-content\/uploads\/2022\/03\/icon-consultoria.svg\" class=\"attachment-full size-full wp-image-217\" alt=\"\" \/>\t\t\t\t\t\t\t\t\t\t\t\t\t<\/div>\n\t\t\t\t<\/div>\n\t\t\t\t<\/div>\n\t\t<div class=\"elementor-element elementor-element-9e90127 e-con-full e-flex e-con e-child\" data-id=\"9e90127\" data-element_type=\"container\">\n\t\t\t\t<div class=\"elementor-element elementor-element-b25ab0d elementor-widget elementor-widget-heading\" data-id=\"b25ab0d\" data-element_type=\"widget\" data-widget_type=\"heading.default\">\n\t\t\t\t<div class=\"elementor-widget-container\">\n\t\t\t<h3 class=\"elementor-heading-title elementor-size-default\"><a href=\"https:\/\/kenaz.pt\/en\/services\/consultoria\/\">Consulting<\/a><\/h3>\t\t<\/div>\n\t\t\t\t<\/div>\n\t\t\t\t<div class=\"elementor-element elementor-element-ea7860e elementor-widget elementor-widget-heading\" data-id=\"ea7860e\" data-element_type=\"widget\" data-widget_type=\"heading.default\">\n\t\t\t\t<div class=\"elementor-widget-container\">\n\t\t\t<span class=\"elementor-heading-title elementor-size-default\">Solutions - Find the right fit for your business<\/span>\t\t<\/div>\n\t\t\t\t<\/div>\n\t\t\t\t<\/div>\n\t\t<div class=\"elementor-element elementor-element-53baccf e-con-full e-flex e-con e-child\" data-id=\"53baccf\" data-element_type=\"container\">\n\t\t\t\t<div class=\"elementor-element elementor-element-c69befd elementor-view-default elementor-widget elementor-widget-icon\" data-id=\"c69befd\" data-element_type=\"widget\" data-widget_type=\"icon.default\">\n\t\t\t\t<div class=\"elementor-widget-container\">\n\t\t\t\t\t<div class=\"elementor-icon-wrapper\">\n\t\t\t<a class=\"elementor-icon\" href=\"https:\/\/kenaz.pt\/en\/services\/consultoria\/\">\n\t\t\t<svg xmlns=\"http:\/\/www.w3.org\/2000\/svg\" width=\"46\" height=\"46\" viewbox=\"0 0 46 46\" fill=\"none\"><path d=\"M23 2V44M2 23H44\" stroke=\"#3A4753\" stroke-width=\"3\" stroke-linecap=\"round\" stroke-linejoin=\"round\"><\/path><\/svg>\t\t\t<\/a>\n\t\t<\/div>\n\t\t\t\t<\/div>\n\t\t\t\t<\/div>\n\t\t\t\t<\/div>\n\t\t\t\t\t<\/div>\n\t\t\t\t<\/div>\n\t\t\t\t<\/div>\n\t\t<\/div><div class=\"jet-listing-grid__item jet-listing-dynamic-post-577\" data-post-id=\"577\"  >\t\t<div data-elementor-type=\"jet-listing-items\" data-elementor-id=\"198\" class=\"elementor elementor-198\" data-elementor-post-type=\"jet-engine\">\n\t\t\t\t<div class=\"elementor-element elementor-element-14e2d2b e-flex e-con-boxed elementor-invisible e-con e-parent\" data-id=\"14e2d2b\" data-element_type=\"container\" data-settings=\"{&quot;animation&quot;:&quot;fadeInUp&quot;}\">\n\t\t\t\t\t<div class=\"e-con-inner\">\n\t\t<div class=\"elementor-element elementor-element-b264b45 e-con-full e-flex e-con e-child\" data-id=\"b264b45\" data-element_type=\"container\">\n\t\t\t\t<div class=\"elementor-element elementor-element-81aae1d elementor-widget elementor-widget-image\" data-id=\"81aae1d\" data-element_type=\"widget\" data-widget_type=\"image.default\">\n\t\t\t\t<div class=\"elementor-widget-container\">\n\t\t\t\t\t\t\t\t\t\t\t\t\t<img decoding=\"async\" width=\"57\" height=\"57\" src=\"https:\/\/kenaz.pt\/wp-content\/uploads\/2022\/03\/apoio-icon.svg\" class=\"attachment-full size-full wp-image-203\" alt=\"\" srcset=\"https:\/\/kenaz.pt\/wp-content\/uploads\/2022\/03\/apoio-icon.svg 150w, https:\/\/kenaz.pt\/wp-content\/uploads\/2022\/03\/apoio-icon.svg 300w, https:\/\/kenaz.pt\/wp-content\/uploads\/2022\/03\/apoio-icon.svg 1024w, https:\/\/kenaz.pt\/wp-content\/uploads\/2022\/03\/apoio-icon.svg 1536w, https:\/\/kenaz.pt\/wp-content\/uploads\/2022\/03\/apoio-icon.svg 2048w, https:\/\/kenaz.pt\/wp-content\/uploads\/2022\/03\/apoio-icon.svg 57w\" sizes=\"(max-width: 57px) 100vw, 57px\" \/>\t\t\t\t\t\t\t\t\t\t\t\t\t<\/div>\n\t\t\t\t<\/div>\n\t\t\t\t<\/div>\n\t\t<div class=\"elementor-element elementor-element-9e90127 e-con-full e-flex e-con e-child\" data-id=\"9e90127\" data-element_type=\"container\">\n\t\t\t\t<div class=\"elementor-element elementor-element-b25ab0d elementor-widget elementor-widget-heading\" data-id=\"b25ab0d\" data-element_type=\"widget\" data-widget_type=\"heading.default\">\n\t\t\t\t<div class=\"elementor-widget-container\">\n\t\t\t<h3 class=\"elementor-heading-title elementor-size-default\"><a href=\"https:\/\/kenaz.pt\/en\/services\/apoio-ao-investimento\/\">Investment Support<\/a><\/h3>\t\t<\/div>\n\t\t\t\t<\/div>\n\t\t\t\t<div class=\"elementor-element elementor-element-ea7860e elementor-widget elementor-widget-heading\" data-id=\"ea7860e\" data-element_type=\"widget\" data-widget_type=\"heading.default\">\n\t\t\t\t<div class=\"elementor-widget-container\">\n\t\t\t<span class=\"elementor-heading-title elementor-size-default\">Portugal 2020\/2030 \/ SI2E\/PAPN \/ PRR<\/span>\t\t<\/div>\n\t\t\t\t<\/div>\n\t\t\t\t<\/div>\n\t\t<div class=\"elementor-element elementor-element-53baccf e-con-full e-flex e-con e-child\" data-id=\"53baccf\" data-element_type=\"container\">\n\t\t\t\t<div class=\"elementor-element elementor-element-c69befd elementor-view-default elementor-widget elementor-widget-icon\" data-id=\"c69befd\" data-element_type=\"widget\" data-widget_type=\"icon.default\">\n\t\t\t\t<div class=\"elementor-widget-container\">\n\t\t\t\t\t<div class=\"elementor-icon-wrapper\">\n\t\t\t<a class=\"elementor-icon\" href=\"https:\/\/kenaz.pt\/en\/services\/apoio-ao-investimento\/\">\n\t\t\t<svg xmlns=\"http:\/\/www.w3.org\/2000\/svg\" width=\"46\" height=\"46\" viewbox=\"0 0 46 46\" fill=\"none\"><path d=\"M23 2V44M2 23H44\" stroke=\"#3A4753\" stroke-width=\"3\" stroke-linecap=\"round\" stroke-linejoin=\"round\"><\/path><\/svg>\t\t\t<\/a>\n\t\t<\/div>\n\t\t\t\t<\/div>\n\t\t\t\t<\/div>\n\t\t\t\t<\/div>\n\t\t\t\t\t<\/div>\n\t\t\t\t<\/div>\n\t\t\t\t<\/div>\n\t\t<\/div><div class=\"jet-listing-grid__item jet-listing-dynamic-post-103\" data-post-id=\"103\"  >\t\t<div data-elementor-type=\"jet-listing-items\" data-elementor-id=\"198\" class=\"elementor elementor-198\" data-elementor-post-type=\"jet-engine\">\n\t\t\t\t<div class=\"elementor-element elementor-element-14e2d2b e-flex e-con-boxed elementor-invisible e-con e-parent\" data-id=\"14e2d2b\" data-element_type=\"container\" data-settings=\"{&quot;animation&quot;:&quot;fadeInUp&quot;}\">\n\t\t\t\t\t<div class=\"e-con-inner\">\n\t\t<div class=\"elementor-element elementor-element-b264b45 e-con-full e-flex e-con e-child\" data-id=\"b264b45\" data-element_type=\"container\">\n\t\t\t\t<div class=\"elementor-element elementor-element-81aae1d elementor-widget elementor-widget-image\" data-id=\"81aae1d\" data-element_type=\"widget\" data-widget_type=\"image.default\">\n\t\t\t\t<div class=\"elementor-widget-container\">\n\t\t\t\t\t\t\t\t\t\t\t\t\t<img decoding=\"async\" width=\"57\" height=\"57\" src=\"https:\/\/kenaz.pt\/wp-content\/uploads\/2022\/03\/icon-beneficios.svg\" class=\"attachment-full size-full wp-image-219\" alt=\"\" srcset=\"https:\/\/kenaz.pt\/wp-content\/uploads\/2022\/03\/icon-beneficios.svg 150w, https:\/\/kenaz.pt\/wp-content\/uploads\/2022\/03\/icon-beneficios.svg 300w, https:\/\/kenaz.pt\/wp-content\/uploads\/2022\/03\/icon-beneficios.svg 1024w, https:\/\/kenaz.pt\/wp-content\/uploads\/2022\/03\/icon-beneficios.svg 1536w, https:\/\/kenaz.pt\/wp-content\/uploads\/2022\/03\/icon-beneficios.svg 2048w, https:\/\/kenaz.pt\/wp-content\/uploads\/2022\/03\/icon-beneficios.svg 57w\" sizes=\"(max-width: 57px) 100vw, 57px\" \/>\t\t\t\t\t\t\t\t\t\t\t\t\t<\/div>\n\t\t\t\t<\/div>\n\t\t\t\t<\/div>\n\t\t<div class=\"elementor-element elementor-element-9e90127 e-con-full e-flex e-con e-child\" data-id=\"9e90127\" data-element_type=\"container\">\n\t\t\t\t<div class=\"elementor-element elementor-element-b25ab0d elementor-widget elementor-widget-heading\" data-id=\"b25ab0d\" data-element_type=\"widget\" data-widget_type=\"heading.default\">\n\t\t\t\t<div class=\"elementor-widget-container\">\n\t\t\t<h3 class=\"elementor-heading-title elementor-size-default\"><a href=\"https:\/\/kenaz.pt\/en\/services\/beneficios-fiscais\/\">Tax Benefits<\/a><\/h3>\t\t<\/div>\n\t\t\t\t<\/div>\n\t\t\t\t<div class=\"elementor-element elementor-element-ea7860e elementor-widget elementor-widget-heading\" data-id=\"ea7860e\" data-element_type=\"widget\" data-widget_type=\"heading.default\">\n\t\t\t\t<div class=\"elementor-widget-container\">\n\t\t\t<span class=\"elementor-heading-title elementor-size-default\">SIFIDE \/ RFAI \/ DLRR<\/span>\t\t<\/div>\n\t\t\t\t<\/div>\n\t\t\t\t<\/div>\n\t\t<div class=\"elementor-element elementor-element-53baccf e-con-full e-flex e-con e-child\" data-id=\"53baccf\" data-element_type=\"container\">\n\t\t\t\t<div class=\"elementor-element elementor-element-c69befd elementor-view-default elementor-widget elementor-widget-icon\" data-id=\"c69befd\" data-element_type=\"widget\" data-widget_type=\"icon.default\">\n\t\t\t\t<div class=\"elementor-widget-container\">\n\t\t\t\t\t<div class=\"elementor-icon-wrapper\">\n\t\t\t<a class=\"elementor-icon\" href=\"https:\/\/kenaz.pt\/en\/services\/beneficios-fiscais\/\">\n\t\t\t<svg xmlns=\"http:\/\/www.w3.org\/2000\/svg\" width=\"46\" height=\"46\" viewbox=\"0 0 46 46\" fill=\"none\"><path d=\"M23 2V44M2 23H44\" stroke=\"#3A4753\" stroke-width=\"3\" stroke-linecap=\"round\" stroke-linejoin=\"round\"><\/path><\/svg>\t\t\t<\/a>\n\t\t<\/div>\n\t\t\t\t<\/div>\n\t\t\t\t<\/div>\n\t\t\t\t<\/div>\n\t\t\t\t\t<\/div>\n\t\t\t\t<\/div>\n\t\t\t\t<\/div>\n\t\t<\/div><\/div><\/div>\t\t<\/div>\n\t\t\t\t<\/div>\n\t\t\t\t\t<\/div>\n\t\t<\/div>\n\t\t\t\t\t<\/div>\n\t\t<\/section>\n\t\t\t\t<section class=\"elementor-section elementor-top-section elementor-element elementor-element-a76d855 elementor-section-boxed elementor-section-height-default elementor-section-height-default\" data-id=\"a76d855\" data-element_type=\"section\">\n\t\t\t\t\t\t<div class=\"elementor-container elementor-column-gap-default\">\n\t\t\t\t\t<div class=\"elementor-column elementor-col-50 elementor-top-column elementor-element elementor-element-9cb00cc\" data-id=\"9cb00cc\" data-element_type=\"column\" data-settings=\"{&quot;background_background&quot;:&quot;classic&quot;}\">\n\t\t\t<div class=\"elementor-widget-wrap elementor-element-populated\">\n\t\t\t\t\t\t<div class=\"elementor-element elementor-element-4d813f5 elementor-widget__width-auto elementor-widget elementor-widget-sec-title\" data-id=\"4d813f5\" data-element_type=\"widget\" data-widget_type=\"sec-title.default\">\n\t\t\t\t<div class=\"elementor-widget-container\">\n\t\t\t\t\t<div class=\"tt-heading tt-heading-left margin-bottom-off tt-heading-lg tt-heading-stroke-none  anim-fadeinup\">\r\n\t\t\t\t\t\t\t\t\t\t<h2 class=\"tt-heading-title\">Maximise<br>\nyour sucess!<\/h2>\r\n\t\t\t\t\t\t\t\t<\/div>\r\n        \t\t<\/div>\n\t\t\t\t<\/div>\n\t\t\t\t\t<\/div>\n\t\t<\/div>\n\t\t\t\t<div class=\"elementor-column elementor-col-50 elementor-top-column elementor-element elementor-element-60e2ece\" data-id=\"60e2ece\" data-element_type=\"column\" data-settings=\"{&quot;background_background&quot;:&quot;classic&quot;}\">\n\t\t\t<div class=\"elementor-widget-wrap elementor-element-populated\">\n\t\t\t\t\t\t<div class=\"elementor-element elementor-element-b89ae2e elementor-widget__width-auto elementor-invisible elementor-widget elementor-widget-button\" data-id=\"b89ae2e\" data-element_type=\"widget\" data-settings=\"{&quot;_animation&quot;:&quot;fadeIn&quot;}\" data-widget_type=\"button.default\">\n\t\t\t\t<div class=\"elementor-widget-container\">\n\t\t\t\t\t\t\t<div class=\"elementor-button-wrapper\">\n\t\t\t\t\t<a class=\"elementor-button elementor-button-link elementor-size-md\" href=\"https:\/\/kenaz.pt\/en\/contactos\/\">\n\t\t\t\t\t\t<span class=\"elementor-button-content-wrapper\">\n\t\t\t\t\t\t\t\t\t<span class=\"elementor-button-text\">Accept Kenaz strategy<\/span>\n\t\t\t\t\t<\/span>\n\t\t\t\t\t<\/a>\n\t\t\t\t<\/div>\n\t\t\t\t\t\t<\/div>\n\t\t\t\t<\/div>\n\t\t\t\t<div class=\"elementor-element elementor-element-6ffbbc4 elementor-widget__width-auto elementor-view-default elementor-invisible elementor-widget elementor-widget-icon\" data-id=\"6ffbbc4\" data-element_type=\"widget\" data-settings=\"{&quot;_animation&quot;:&quot;fadeIn&quot;}\" data-widget_type=\"icon.default\">\n\t\t\t\t<div class=\"elementor-widget-container\">\n\t\t\t\t\t<div class=\"elementor-icon-wrapper\">\n\t\t\t<a class=\"elementor-icon\" href=\"https:\/\/kenaz.pt\/en\/contactos\/\">\n\t\t\t<svg xmlns=\"http:\/\/www.w3.org\/2000\/svg\" width=\"54\" height=\"54\" viewbox=\"0 0 54 54\" fill=\"none\"><path d=\"M18.875 27H35.125M35.125 27L29.4375 21.3125M35.125 27L29.4375 32.6875M27 1C41.3594 1 53 12.6406 53 27C53 41.3594 41.3594 53 27 53C12.6406 53 1 41.3594 1 27C1 12.6406 12.6406 1 27 1Z\" stroke=\"#FF6E30\" stroke-width=\"2\" stroke-linecap=\"round\" stroke-linejoin=\"round\"><\/path><\/svg>\t\t\t<\/a>\n\t\t<\/div>\n\t\t\t\t<\/div>\n\t\t\t\t<\/div>\n\t\t\t\t\t<\/div>\n\t\t<\/div>\n\t\t\t\t\t<\/div>\n\t\t<\/section>\n\t\t\t\t<\/div>","protected":false},"excerpt":{"rendered":"<p>SERVI\u00c7OS Adquira Conhecimento Contacte-nos Servi\u00e7os Maximize o seu sucesso! Aceite a estrat\u00e9gia kenaz<\/p>","protected":false},"author":2,"featured_media":0,"parent":0,"menu_order":0,"comment_status":"closed","ping_status":"closed","template":"elementor_header_footer","meta":{"footnotes":""},"class_list":["post-104","page","type-page","status-publish","hentry"],"_links":{"self":[{"href":"https:\/\/kenaz.pt\/en\/wp-json\/wp\/v2\/pages\/104","targetHints":{"allow":["GET"]}}],"collection":[{"href":"https:\/\/kenaz.pt\/en\/wp-json\/wp\/v2\/pages"}],"about":[{"href":"https:\/\/kenaz.pt\/en\/wp-json\/wp\/v2\/types\/page"}],"author":[{"embeddable":true,"href":"https:\/\/kenaz.pt\/en\/wp-json\/wp\/v2\/users\/2"}],"replies":[{"embeddable":true,"href":"https:\/\/kenaz.pt\/en\/wp-json\/wp\/v2\/comments?post=104"}],"version-history":[{"count":0,"href":"https:\/\/kenaz.pt\/en\/wp-json\/wp\/v2\/pages\/104\/revisions"}],"wp:attachment":[{"href":"https:\/\/kenaz.pt\/en\/wp-json\/wp\/v2\/media?parent=104"}],"curies":[{"name":"wp","href":"https:\/\/api.w.org\/{rel}","templated":true}]}}