{"id":20,"date":"2022-03-26T02:00:06","date_gmt":"2022-03-26T02:00:06","guid":{"rendered":"https:\/\/kenaz.pt\/?page_id=20"},"modified":"2025-09-28T21:53:15","modified_gmt":"2025-09-28T21:53:15","slug":"contactos","status":"publish","type":"page","link":"https:\/\/kenaz.pt\/fr\/contactos\/","title":{"rendered":"Contacts"},"content":{"rendered":"<div data-elementor-type=\"wp-page\" data-elementor-id=\"20\" class=\"elementor elementor-20\" data-elementor-post-type=\"page\">\n\t\t\t\t\t\t<section class=\"elementor-section elementor-top-section elementor-element elementor-element-aea3f27 elementor-section-full_width elementor-section-height-default elementor-section-height-default\" data-id=\"aea3f27\" data-element_type=\"section\">\n\t\t\t\t\t\t<div class=\"elementor-container elementor-column-gap-default\">\n\t\t\t\t\t<div class=\"elementor-column elementor-col-50 elementor-top-column elementor-element elementor-element-3d0a67f1\" data-id=\"3d0a67f1\" data-element_type=\"column\">\n\t\t\t<div class=\"elementor-widget-wrap elementor-element-populated\">\n\t\t\t\t\t\t<div class=\"elementor-element elementor-element-ac7efdd elementor-widget elementor-widget-sec-title\" data-id=\"ac7efdd\" data-element_type=\"widget\" data-widget_type=\"sec-title.default\">\n\t\t\t\t<div class=\"elementor-widget-container\">\n\t\t\t\t\t<div class=\"tt-heading tt-heading-left margin-bottom-10-p tt-heading-lg tt-heading-stroke-none  anim-fadeinup\">\r\n\t\t\t\t\t\t\t<h3 class=\"tt-heading-subtitle text-gray\">CONTACTEZ-NOUS<\/h3>\r\n\t\t\t\t\t\t\t\t\t\t<h2 class=\"tt-heading-title\">Maximiser<br\/>\nvotre succ\u00e9s!<\/h2>\r\n\t\t\t\t\t\t\t\t<\/div>\r\n        \t\t<\/div>\n\t\t\t\t<\/div>\n\t\t\t\t<div class=\"elementor-element elementor-element-11f446a elementor-widget elementor-widget-heading\" data-id=\"11f446a\" data-element_type=\"widget\" data-widget_type=\"heading.default\">\n\t\t\t\t<div class=\"elementor-widget-container\">\n\t\t\t<h2 class=\"elementor-heading-title elementor-size-default\">Si\u00e8ge social<\/h2>\t\t<\/div>\n\t\t\t\t<\/div>\n\t\t\t\t<div class=\"elementor-element elementor-element-9acbb98 elementor-widget elementor-widget-flux-contact-info\" data-id=\"9acbb98\" data-element_type=\"widget\" data-widget_type=\"flux-contact-info.default\">\n\t\t\t\t<div class=\"elementor-widget-container\">\n\t\t\t\t\t\t\t<ul class=\"tt-contact-info no-padding-bottom\">\r\n\t\t\t\t<li class=\"anim-fadeinup\">\r\n\t\t\t\t<span class=\"tt-ci-icon\"><i class=\"fas fa-envelope\"><\/i><\/span>\r\n\t\t<a href=\"mailto:info@kenaz.pt\" class=\"tt-link\">info@kenaz.pt<\/a>\r\n\t\t\t\t<\/li>\r\n\t\t\t\t<li class=\"anim-fadeinup\">\r\n\t\t\t\t<span class=\"tt-ci-icon\"><i class=\"fas fa-phone\"><\/i><\/span>\r\n\t\t<a href=\"tel: (351)927292597\" class=\"tt-link\">+(351) 927 292 597<\/a>\r\n\t\t\t\t<\/li>\r\n\t\t\t\t<li class=\"anim-fadeinup\">\r\n\t\t\t\t<span class=\"tt-ci-icon\"><i class=\"fas fa-map-marker-alt\"><\/i><\/span>\r\n\t\t<a href=\"https:\/\/www.google.pt\/maps\/dir\/\/R.+do+Hospital,+Alvai%C3%A1zere\/@39.8215006,-8.3827929,16z\/data=!4m8!4m7!1m0!1m5!1m1!1s0xd2285c1db3dc1f3:0xef58e97caa067ba!2m2!1d-8.3784048!2d39.8214924?hl=pt-PT\" class=\"tt-link\" target=\"_blank\" rel=\"noopener\">Rua do Hospital 8, 3250-126 Alvai\u00e1zere<\/a>\r\n\t\t\t\t<\/li>\r\n\t\t\t\t<\/ul>\r\n\t\t\t\t\t\t<\/div>\n\t\t\t\t<\/div>\n\t\t\t\t<div class=\"elementor-element elementor-element-ab12611 elementor-widget elementor-widget-heading\" data-id=\"ab12611\" data-element_type=\"widget\" data-widget_type=\"heading.default\">\n\t\t\t\t<div class=\"elementor-widget-container\">\n\t\t\t<h4 class=\"elementor-heading-title elementor-size-default\">Lisboa<\/h4>\t\t<\/div>\n\t\t\t\t<\/div>\n\t\t\t\t<div class=\"elementor-element elementor-element-7e9ee26 elementor-widget elementor-widget-flux-contact-info\" data-id=\"7e9ee26\" data-element_type=\"widget\" data-widget_type=\"flux-contact-info.default\">\n\t\t\t\t<div class=\"elementor-widget-container\">\n\t\t\t\t\t\t\t<ul class=\"tt-contact-info no-padding-bottom\">\r\n\t\t\t\t<li class=\"anim-fadeinup\">\r\n\t\t\t\t<span class=\"tt-ci-icon\"><i class=\"fas fa-map-marker-alt\"><\/i><\/span>\r\n\t\t<a href=\"https:\/\/www.google.com\/maps\/place\/Av.+Duque+de+%C3%81vila+64+2c,+1050-066+Lisboa\/@38.7352036,-9.1521069,17z\/data=!3m1!4b1!4m5!3m4!1s0xd19330b1242451b:0x5f85af1d78669e01!8m2!3d38.7351994!4d-9.149532?entry=ttu\" class=\"tt-link\" target=\"_blank\" rel=\"noopener\">Av. Duque de \u00c1vila 64 2C, 1050-083 Lisboa<\/a>\r\n\t\t\t\t<\/li>\r\n\t\t\t\t<\/ul>\r\n\t\t\t\t\t\t<\/div>\n\t\t\t\t<\/div>\n\t\t\t\t<div class=\"elementor-element elementor-element-6403577 elementor-widget elementor-widget-heading\" data-id=\"6403577\" data-element_type=\"widget\" data-widget_type=\"heading.default\">\n\t\t\t\t<div class=\"elementor-widget-container\">\n\t\t\t<h4 class=\"elementor-heading-title elementor-size-default\">Porto<\/h4>\t\t<\/div>\n\t\t\t\t<\/div>\n\t\t\t\t<div class=\"elementor-element elementor-element-d191b3b elementor-widget elementor-widget-flux-contact-info\" data-id=\"d191b3b\" data-element_type=\"widget\" data-widget_type=\"flux-contact-info.default\">\n\t\t\t\t<div class=\"elementor-widget-container\">\n\t\t\t\t\t\t\t<ul class=\"tt-contact-info no-padding-bottom\">\r\n\t\t\t\t<li class=\"anim-fadeinup\">\r\n\t\t\t\t<span class=\"tt-ci-icon\"><i class=\"fas fa-map-marker-alt\"><\/i><\/span>\r\n\t\t<a href=\"https:\/\/www.google.com\/maps\/search\/Via+do+Castelo+do+Queijo+395+Piso+2+Loja+22%2F23,+4100-429+Porto\/@41.1717326,-8.6906748,17z\/data=!3m1!4b1?entry=ttu\" class=\"tt-link\" target=\"_blank\" rel=\"noopener\">Via do Castelo do Queijo 395 Piso 2 Loja 22\/23, 4100-429 Porto<\/a>\r\n\t\t\t\t<\/li>\r\n\t\t\t\t<\/ul>\r\n\t\t\t\t\t\t<\/div>\n\t\t\t\t<\/div>\n\t\t\t\t<div class=\"elementor-element elementor-element-d83d87b elementor-widget elementor-widget-heading\" data-id=\"d83d87b\" data-element_type=\"widget\" data-widget_type=\"heading.default\">\n\t\t\t\t<div class=\"elementor-widget-container\">\n\t\t\t<h4 class=\"elementor-heading-title elementor-size-default\">Seixal<\/h4>\t\t<\/div>\n\t\t\t\t<\/div>\n\t\t\t\t<div class=\"elementor-element elementor-element-58c849a elementor-widget elementor-widget-flux-contact-info\" data-id=\"58c849a\" data-element_type=\"widget\" data-widget_type=\"flux-contact-info.default\">\n\t\t\t\t<div class=\"elementor-widget-container\">\n\t\t\t\t\t\t\t<ul class=\"tt-contact-info no-padding-bottom\">\r\n\t\t\t\t<li class=\"anim-fadeinup\">\r\n\t\t\t\t<span class=\"tt-ci-icon\"><i class=\"fas fa-map-marker-alt\"><\/i><\/span>\r\n\t\t<a href=\"http:\/\/Pra\u00e7a%20Lu\u00eds%20de%20Cam\u00f5es%2011\/13,%202840-488%20Seixal\" class=\"tt-link\" target=\"_blank\">Pra\u00e7a Lu\u00eds de Cam\u00f5es 11\/13, 2840-488 Seixal<\/a>\r\n\t\t\t\t<\/li>\r\n\t\t\t\t<\/ul>\r\n\t\t\t\t\t\t<\/div>\n\t\t\t\t<\/div>\n\t\t\t\t<div class=\"elementor-element elementor-element-e27e546 elementor-widget elementor-widget-flux-social-icons\" data-id=\"e27e546\" data-element_type=\"widget\" data-widget_type=\"flux-social-icons.default\">\n\t\t\t\t<div class=\"elementor-widget-container\">\n\t\t\t\r\n\t\t<!-- accordion-->                            \r\n        \r\n\t\t<ul class=\"tt-contact-info no-padding-bottom\">\r\n\t\t<li class=\"anim-fadeinup\">\r\n\t\t\t\t<h6 class=\"no-margin-bottom margin-top-40 social-sec-title\">Redes Sociais<\/h6>\r\n\t\t\t\t<div class=\"social-buttons\">\r\n\t\t<ul>\r\n\t\t\t            <li><a href=\"https:\/\/www.linkedin.com\/company\/kenaz-consulting\/\" class=\"magnetic-item\" target=\"_blank\" rel=\"noopener\">\r\n\t\t\t\t\t\t<i class=\"fab fa-linkedin\"><\/i>\r\n\t\t\t\t\t\t<\/a><\/li>\r\n\t\t\t\t\t<\/ul>\r\n\t\t<\/div>\r\n        <\/li>\r\n        <\/ul>\r\n        \r\n        <!-- accordion end --> \t\t\t\t\t\t\t\r\n\t\t\r\n\r\n        \t\t<\/div>\n\t\t\t\t<\/div>\n\t\t\t\t\t<\/div>\n\t\t<\/div>\n\t\t\t\t<div class=\"elementor-column elementor-col-50 elementor-top-column elementor-element elementor-element-5aad9ddb\" data-id=\"5aad9ddb\" data-element_type=\"column\">\n\t\t\t<div class=\"elementor-widget-wrap elementor-element-populated\">\n\t\t\t\t\t\t<div class=\"elementor-element elementor-element-afe325f elementor-button-align-start elementor-widget elementor-widget-form\" data-id=\"afe325f\" data-element_type=\"widget\" data-settings=\"{&quot;step_next_label&quot;:&quot;Next&quot;,&quot;step_previous_label&quot;:&quot;Anterior&quot;,&quot;button_width&quot;:&quot;100&quot;,&quot;step_type&quot;:&quot;number_text&quot;,&quot;step_icon_shape&quot;:&quot;circle&quot;}\" data-widget_type=\"form.default\">\n\t\t\t\t<div class=\"elementor-widget-container\">\n\t\t\t\t\t<form class=\"elementor-form\" method=\"post\" name=\"New Form\">\n\t\t\t<input type=\"hidden\" name=\"post_id\" value=\"20\"\/>\n\t\t\t<input type=\"hidden\" name=\"form_id\" value=\"afe325f\"\/>\n\t\t\t<input type=\"hidden\" name=\"referer_title\" value=\"\" \/>\n\n\t\t\t\n\t\t\t<div class=\"elementor-form-fields-wrapper elementor-labels-\">\n\t\t\t\t\t\t\t\t<div class=\"elementor-field-type-text elementor-field-group elementor-column elementor-field-group-name elementor-col-50 elementor-field-required\">\n\t\t\t\t\t\t\t\t\t\t\t\t<label for=\"form-field-name\" class=\"elementor-field-label elementor-screen-only\">\n\t\t\t\t\t\t\t\tNom\t\t\t\t\t\t\t<\/label>\n\t\t\t\t\t\t\t\t\t\t\t\t\t\t<input size=\"1\" type=\"text\" name=\"form_fields[name]\" id=\"form-field-name\" class=\"elementor-field elementor-size-lg  elementor-field-textual\" placeholder=\"Nom\" required=\"required\" aria-required=\"true\">\n\t\t\t\t\t\t\t\t\t\t\t<\/div>\n\t\t\t\t\t\t\t\t<div class=\"elementor-field-type-email elementor-field-group elementor-column elementor-field-group-email elementor-col-50 elementor-field-required\">\n\t\t\t\t\t\t\t\t\t\t\t\t<label for=\"form-field-email\" class=\"elementor-field-label elementor-screen-only\">\n\t\t\t\t\t\t\t\tEmail\t\t\t\t\t\t\t<\/label>\n\t\t\t\t\t\t\t\t\t\t\t\t\t\t<input size=\"1\" type=\"email\" name=\"form_fields[email]\" id=\"form-field-email\" class=\"elementor-field elementor-size-lg  elementor-field-textual\" placeholder=\"Email\" required=\"required\" aria-required=\"true\">\n\t\t\t\t\t\t\t\t\t\t\t<\/div>\n\t\t\t\t\t\t\t\t<div class=\"elementor-field-type-select elementor-field-group elementor-column elementor-field-group-subject elementor-col-100 elementor-field-required\">\n\t\t\t\t\t\t\t\t\t\t\t\t<label for=\"form-field-subject\" class=\"elementor-field-label elementor-screen-only\">\n\t\t\t\t\t\t\t\tAssunto\t\t\t\t\t\t\t<\/label>\n\t\t\t\t\t\t\t\t<div class=\"elementor-field elementor-select-wrapper remove-before\">\n\t\t\t<div class=\"select-caret-down-wrapper\">\n\t\t\t\t<i aria-hidden=\"true\" class=\"eicon-caret-down\"><\/i>\t\t\t<\/div>\n\t\t\t<select name=\"form_fields[subject]\" id=\"form-field-subject\" class=\"elementor-field-textual elementor-size-lg\" required=\"required\" aria-required=\"true\">\n\t\t\t\t\t\t\t\t\t<option value=\"\">Choisir un sujet<\/option>\n\t\t\t\t\t\t\t\t\t<option value=\"Apoio ao investimento\">Soutien \u00e0 l'investissement<\/option>\n\t\t\t\t\t\t\t\t\t<option value=\"Benef\u00edcios fiscais\">Avantages fiscaux<\/option>\n\t\t\t\t\t\t\t\t\t<option value=\"Consultoria\">Consultation<\/option>\n\t\t\t\t\t\t\t\t\t<option value=\"Recrutamento\">Ressources humaines<\/option>\n\t\t\t\t\t\t\t\t\t<option value=\"Outros\">Autres<\/option>\n\t\t\t\t\t\t\t<\/select>\n\t\t<\/div>\n\t\t\t\t\t\t<\/div>\n\t\t\t\t\t\t\t\t<div class=\"elementor-field-type-textarea elementor-field-group elementor-column elementor-field-group-message elementor-col-100 elementor-field-required\">\n\t\t\t\t\t\t\t\t\t\t\t\t<label for=\"form-field-message\" class=\"elementor-field-label elementor-screen-only\">\n\t\t\t\t\t\t\t\tMensagem\t\t\t\t\t\t\t<\/label>\n\t\t\t\t\t\t<textarea class=\"elementor-field-textual elementor-field  elementor-size-lg\" name=\"form_fields[message]\" id=\"form-field-message\" rows=\"7\" placeholder=\"Votre message\" required=\"required\" aria-required=\"true\"><\/textarea>\t\t\t\t<\/div>\n\t\t\t\t\t\t\t\t<div class=\"elementor-field-type-acceptance elementor-field-group elementor-column elementor-field-group-gdpr elementor-col-100 elementor-field-required\">\n\t\t\t\t\t\t\t\t\t\t\t\t<label for=\"form-field-gdpr\" class=\"elementor-field-label elementor-screen-only\">\n\t\t\t\t\t\t\t\tRGDP\t\t\t\t\t\t\t<\/label>\n\t\t\t\t\t\t\t\t<div class=\"elementor-field-subgroup\">\n\t\t\t<span class=\"elementor-field-option\">\n\t\t\t\t<input type=\"checkbox\" name=\"form_fields[gdpr]\" id=\"form-field-gdpr\" class=\"elementor-field elementor-size-lg  elementor-acceptance-field\" required=\"required\" aria-required=\"true\">\n\t\t\t\t<label for=\"form-field-gdpr\"><span style=\"font-size: 13px; color: #526979;\">J'accepte et suis d'accord avec le <a href=\"\/fr\/politica-de-privacidade\/ target=\/\"_blank\"\" style=\"color: #92A9B9;\">politique de confidentialit\u00e9<\/a> Kenaz<\/span><\/label>\t\t\t<\/span>\n\t\t<\/div>\n\t\t\t\t\t\t<\/div>\n\t\t\t\t\t\t\t\t<div class=\"elementor-field-group elementor-column elementor-field-type-submit elementor-col-100 e-form__buttons\">\n\t\t\t\t\t<button class=\"elementor-button elementor-size-sm\" type=\"submit\">\n\t\t\t\t\t\t<span class=\"elementor-button-content-wrapper\">\n\t\t\t\t\t\t\t\t\t\t\t\t\t\t\t\t\t\t\t\t\t\t<span class=\"elementor-button-text\">Envoyer le message<\/span>\n\t\t\t\t\t\t\t\t\t\t\t\t\t<\/span>\n\t\t\t\t\t<\/button>\n\t\t\t\t<\/div>\n\t\t\t<\/div>\n\t\t<input type=\"hidden\" name=\"trp-form-language\" value=\"fr\"\/><\/form>\n\t\t\t\t<\/div>\n\t\t\t\t<\/div>\n\t\t\t\t\t<\/div>\n\t\t<\/div>\n\t\t\t\t\t<\/div>\n\t\t<\/section>\n\t\t\t\t<\/div>","protected":false},"excerpt":{"rendered":"<p>CONTACTE-NOS Maximize o seu sucesso! Sede info@kenaz.pt +(351) 927 292 597 Rua do Hospital 8, 3250-126 Alvai\u00e1zere Lisboa Av. Duque de \u00c1vila 64 2C, 1050-083 Lisboa Porto Via do Castelo do Queijo 395 Piso 2 Loja 22\/23, 4100-429 Porto Seixal Pra\u00e7a Lu\u00eds de Cam\u00f5es&#8230;<\/p>","protected":false},"author":2,"featured_media":0,"parent":0,"menu_order":0,"comment_status":"closed","ping_status":"closed","template":"","meta":{"footnotes":""},"class_list":["post-20","page","type-page","status-publish","hentry"],"_links":{"self":[{"href":"https:\/\/kenaz.pt\/fr\/wp-json\/wp\/v2\/pages\/20","targetHints":{"allow":["GET"]}}],"collection":[{"href":"https:\/\/kenaz.pt\/fr\/wp-json\/wp\/v2\/pages"}],"about":[{"href":"https:\/\/kenaz.pt\/fr\/wp-json\/wp\/v2\/types\/page"}],"author":[{"embeddable":true,"href":"https:\/\/kenaz.pt\/fr\/wp-json\/wp\/v2\/users\/2"}],"replies":[{"embeddable":true,"href":"https:\/\/kenaz.pt\/fr\/wp-json\/wp\/v2\/comments?post=20"}],"version-history":[{"count":0,"href":"https:\/\/kenaz.pt\/fr\/wp-json\/wp\/v2\/pages\/20\/revisions"}],"wp:attachment":[{"href":"https:\/\/kenaz.pt\/fr\/wp-json\/wp\/v2\/media?parent=20"}],"curies":[{"name":"wp","href":"https:\/\/api.w.org\/{rel}","templated":true}]}}