{"id":3,"date":"2022-03-24T00:01:43","date_gmt":"2022-03-24T00:01:43","guid":{"rendered":"https:\/\/kenaz.pt\/?page_id=3"},"modified":"2025-09-28T21:56:17","modified_gmt":"2025-09-28T21:56:17","slug":"politica-de-privacidade","status":"publish","type":"page","link":"https:\/\/kenaz.pt\/fr\/politica-de-privacidade\/","title":{"rendered":"Politique de confidentialit\u00e9"},"content":{"rendered":"<p>Kenaz Consulting LDA., propri\u00e9taire de ce site Web, respecte le droit des utilisateurs \u00e0 la protection de leurs donn\u00e9es personnelles, conform\u00e9ment aux termes du r\u00e8glement g\u00e9n\u00e9ral sur la protection des donn\u00e9es (ci-apr\u00e8s, RGPD), \u00e9tabli par le r\u00e8glement CE n\u00b0 2016\/679.<\/p>\n<p>Os dados pessoais dos utilizadores do nosso site (kenaz.pt) s\u00e3o recolhidos de forma a possibilitar a presta\u00e7\u00e3o dos servi\u00e7os nele fornecidos, pois sem a recolha de dados pessoais n\u00e3o \u00e9 poss\u00edvel concretizar a opera\u00e7\u00e3o comercial atrav\u00e9s do site.<\/p>\n<p>Recolha de dados pessoais (finalidades): os dados dos utilizadores do site kenaz.pt s\u00e3o recolhidos durante a navega\u00e7\u00e3o no mesmo, nomeadamente para as seguintes finalidades.<\/p>\n<p>Faire la demande de services : faire des demandes de clarification, des doutes et autres sur les services et d'autres aspects li\u00e9s au site Web.<\/p>\n<p>Utilisez le blog et partagez du contenu.<\/p>\n<p>Publier des nouvelles, des promotions et d'autres informations.<\/p>\n<p>Lors de la navigation sur notre site, les donn\u00e9es suivantes peuvent \u00eatre demand\u00e9es aux utilisateurs, conform\u00e9ment aux finalit\u00e9s appropri\u00e9es : i) nom et pr\u00e9nom ; ii) adresse e-mail ; iii) num\u00e9ro de portable ou de t\u00e9l\u00e9phone ; iv) num\u00e9ro d'identification fiscale.<\/p>\n<p>Les partenaires ne pourront pas transmettre de donn\u00e9es personnelles sans autorisation du responsable et ne pourront pas sous-traiter d'autres entit\u00e9s sans autorisation expresse du responsable du traitement, garantissant leur confidentialit\u00e9 et leur s\u00e9curit\u00e9.<\/p>\n<p>Les donn\u00e9es collect\u00e9es lors de votre navigation peuvent \u00eatre utilis\u00e9es pour analyser et am\u00e9liorer certains outils et fonctionnalit\u00e9s disponibles sur notre site web, dans le but d'am\u00e9liorer l'exp\u00e9rience de l'utilisateur.<\/p>\n<p>Com o registo no site kenaz.pt, o utilizador declara ainda que aceita receber, atrav\u00e9s do e-mail por si fornecido, informa\u00e7\u00f5es sobre os nossos servi\u00e7os e campanhas promocionais.<\/p>\n<p>Vous pouvez \u00e0 tout moment refuser de recevoir des informations sur les services et les nouveaut\u00e9s. Pour ce faire, vous pouvez nous envoyer un e-mail \u00e0 partir de votre compte client avec la mention \"Remove\" dans l'objet, ou nous contacter par e-mail.<\/p>\n<p>Les donn\u00e9es fournies par l'utilisateur peuvent \u00eatre n\u00e9cessaires pour contribuer \u00e0 garantir la s\u00e9curit\u00e9 de notre site web et de nos services, \u00e0 des fins d'affiliation, \u00e0 des fins statistiques, \u00e0 des fins de sauvegarde des donn\u00e9es, \u00e0 la diffusion de nouvelles, et pour que nous puissions finaliser votre commande, y compris pour l'\u00e9mission correcte de la facture.<\/p>\n<p>Les donn\u00e9es collect\u00e9es pour les notifications et obtenues par l'abonnement aux notifications par e-mail au moment de l'inscription ou sur les diff\u00e9rents formulaires d'inscription par e-mail disponibles sur le site peuvent \u00eatre trait\u00e9es dans le but de faire conna\u00eetre les nouvelles, les informations et les lancements de nos services.<\/p>\n<p>Les donn\u00e9es personnelles collect\u00e9es sur le blog ont pour but d'envoyer des informations pertinentes au lecteur, ainsi que d'envoyer nos nouvelles et informations. Elles peuvent \u00e9galement \u00eatre utilis\u00e9es pour r\u00e9pondre aux questions pos\u00e9es par les utilisateurs via notre site web, ainsi que pour soumettre des informations sur nos services.<\/p>\n<p>Nous vous avertissons que nous ne commercialisons pas vos donn\u00e9es personnelles et que nous ne les divulguons pas sans votre consentement.<\/p>\n<p>Transmission des donn\u00e9es personnelles \u00e0 des tiers : le responsable du traitement des donn\u00e9es personnelles collect\u00e9es par Kenaz Consulting LDA peut, \u00e0 titre exceptionnel, faire appel \u00e0 certains partenaires qui, pour le compte de la soci\u00e9t\u00e9 et conform\u00e9ment \u00e0 nos directives, traitent certaines des donn\u00e9es personnelles, le traitement \u00e9tant effectu\u00e9 conform\u00e9ment \u00e0 la pr\u00e9sente politique de confidentialit\u00e9 et en respectant les instructions que nous avons fournies.<\/p>\n<p>Les partenaires ne peuvent pas transmettre de donn\u00e9es \u00e0 caract\u00e8re personnel sans l'autorisation du responsable du traitement et ne peuvent pas sous-traiter \u00e0 d'autres entit\u00e9s sans l'autorisation expresse du responsable du traitement, ce qui garantit la confidentialit\u00e9 et la s\u00e9curit\u00e9 des donn\u00e9es.<\/p>\n<p>Transfert international de donn\u00e9es personnelles : certaines de vos donn\u00e9es personnelles seront trait\u00e9es par des pays tiers, y compris en dehors de l'Union europ\u00e9enne, mais les droits du titulaire des donn\u00e9es personnelles seront pleinement garantis aux termes du RGPD.<\/p>\n<p>Conservation des donn\u00e9es personnelles : les donn\u00e9es personnelles collect\u00e9es par Kenaz Consulting LDA.. dans le cadre de la Politique de Confidentialit\u00e9 ne peuvent \u00eatre conserv\u00e9es que pour la dur\u00e9e strictement n\u00e9cessaire, compte tenu de la finalit\u00e9 de la collecte.<\/p>\n<p>Si dans un d\u00e9lai de cinq ans il n'y a pas de contact pertinent avec le titulaire des donn\u00e9es personnelles, Kenaz Consulting LDA. s'engage \u00e0 supprimer ou \u00e0 crypter les donn\u00e9es personnelles respectives, sauf si celles-ci sont n\u00e9cessaires \u00e0 l'exercice de son activit\u00e9 ou \u00e0 l'accomplissement d'obligations l\u00e9gales ou judiciaires.<\/p>\n<p>A l'issue du d\u00e9lai indiqu\u00e9 ci-dessus, les donn\u00e9es personnelles seront d\u00e9finitivement supprim\u00e9es ou crypt\u00e9es, sans pr\u00e9judice des exceptions pr\u00e9cit\u00e9es.<\/p>\n<p>Droit d'acc\u00e8s et d'information: le titulaire des donn\u00e9es personnelles peut, \u00e0 tout moment, solliciter Kenaz Consulting LDA. des informations sur le contenu et le traitement des donn\u00e9es personnelles collect\u00e9es, \u00e0 savoir: i) la finalit\u00e9 pour laquelle elles sont destin\u00e9es; ii) base juridique; iii) identit\u00e9 du responsable du traitement ou du d\u00e9l\u00e9gu\u00e9 \u00e0 la protection des donn\u00e9es, si ce chiffre est mis en \u0153uvre; iv) la dur\u00e9e pendant laquelle les donn\u00e9es seront conserv\u00e9es et les crit\u00e8res utilis\u00e9s pour \u00e9tablir cette dur\u00e9e; v) les cat\u00e9gories de donn\u00e9es personnelles concern\u00e9es; vi) les destinataires ou cat\u00e9gories de destinataires auxquels les donn\u00e9es personnelles ont \u00e9t\u00e9 ou seront transmises; vii) dur\u00e9e pr\u00e9vue pour la conservation des donn\u00e9es personnelles (si possible) ou crit\u00e8res utilis\u00e9s pour \u00e9tablir cette dur\u00e9e; viii) origine des donn\u00e9es personnelles- si elles n'ont pas \u00e9t\u00e9 fournies directement par le titulaire; ix) existence de d\u00e9cisions automatis\u00e9es et d'informations utiles sur la logique de ces d\u00e9cisions (y compris la d\u00e9finition de profils) et sur l'importance et les cons\u00e9quences que le traitement de ces informations peut avoir pour la personne concern\u00e9e.<\/p>\n<p>Outre ces informations, le titulaire des donn\u00e9es personnelles peut : i) demander la rectification, la suppression ou la limitation du traitement de ses donn\u00e9es personnelles ou s'opposer \u00e0 ce traitement ; ii) d\u00e9poser une plainte aupr\u00e8s d'une autorit\u00e9 de contr\u00f4le (au Portugal, la Commission nationale pour la protection des donn\u00e9es - CNPD).<\/p>\n<p>La fourniture d'une copie des documents en cours de traitement ne nuira pas aux tiers et est gratuite. Si des copies de documents suppl\u00e9mentaires sont demand\u00e9es, nous pouvons vous facturer des frais pour couvrir les frais administratifs. Et, vous serez inform\u00e9 des garanties ad\u00e9quates concernant le traitement de vos donn\u00e9es si elles sont transf\u00e9r\u00e9es vers un pays tiers ou une organisation internationale.<\/p>\n<p>Le titulaire des donn\u00e9es personnelles peut \u00e9galement demander, \u00e0 tout moment, l'acc\u00e8s \u00e0 celles-ci et leur rectification, pour compl\u00e9ter ou corriger des donn\u00e9es incorrectes ou inexactes.<\/p>\n<p>Droit \u00e0 l'oubli, \u00e0 la limitation et \u00e0 l'opposition: l'utilisateur peut demander la suppression de ses donn\u00e9es personnelles, sans retard injustifi\u00e9, lorsque: i) ses donn\u00e9es personnelles ne sont pas n\u00e9cessaires aux finalit\u00e9s pour lesquelles elles ont \u00e9t\u00e9 collect\u00e9es; ii) r\u00e9voquer le consentement sur lequel est bas\u00e9 le traitement des donn\u00e9es personnelles, sans qu'il existe une autre base l\u00e9gale qui justifie un tel traitement; iii) s'opposer au traitement des donn\u00e9es personnelles, sans qu'il existe un int\u00e9r\u00eat l\u00e9gitime justifiant un tel traitement; iv) le traitement des donn\u00e9es personnelles est effectu\u00e9 de mani\u00e8re ill\u00e9gitime ou ill\u00e9gale; v) pour la conformit\u00e9; vi) les destinataires ou cat\u00e9gories de destinataires auxquels les donn\u00e9es personnelles ont \u00e9t\u00e9 ou seront transmises;<\/p>\n<p>Le droit \u00e0 l'oubli peut \u00eatre limit\u00e9 si Kenaz Consulting LDA est tenu de respecter des obligations l\u00e9gales et\/ou judiciaires qui exigent le traitement des donn\u00e9es en question, pour l'exercice du droit \u00e0 la libert\u00e9 d'expression et d'information pr\u00e9vu par la Constitution, ou en cas d'int\u00e9r\u00eat public \u00e0 la divulgation des donn\u00e9es, par exemple dans le cadre de recherches scientifiques ou historiques ou \u00e0 des fins statistiques.<\/p>\n<p>L'utilisateur peut limiter le traitement de ses donn\u00e9es personnelles dans les cas suivants : i) rectifier l'exactitude de ses donn\u00e9es personnelles ; ii) le traitement de l'information est ill\u00e9gal et il ne souhaite pas supprimer ses donn\u00e9es, mais en limiter le traitement ; iii) il n'est pas n\u00e9cessaire de les traiter, sauf pour remplir des obligations l\u00e9gales ; iv) pendant la p\u00e9riode de v\u00e9rification des objections \u00e0 l'utilisation des donn\u00e9es personnelles.<\/p>\n<p>Dans une situation o\u00f9 l'utilisation des donn\u00e9es personnelles est limit\u00e9e, Kenaz Consulting LDA. s'engage \u00e0 utiliser les donn\u00e9es collect\u00e9es avec le consentement de la personne concern\u00e9e ou si elle est tenue de remplir des obligations l\u00e9gales et\/ou judiciaires qui exigent le traitement des donn\u00e9es en question, pour l'exercice du droit \u00e0 la libert\u00e9 d'expression et d'information pr\u00e9vu par la Constitution, ou en cas d'int\u00e9r\u00eat public \u00e0 la divulgation des donn\u00e9es, comme dans le cadre d'une recherche scientifique ou historique ou \u00e0 des fins statistiques.<\/p>\n<p>La personne concern\u00e9e peut, \u00e0 tout moment, s'opposer au traitement de ses donn\u00e9es \u00e0 caract\u00e8re personnel. Dans ce cas, les donn\u00e9es ne seront plus trait\u00e9es par Kenaz Consulting LDA, \u00e0 moins qu'il n'existe une justification l\u00e9gale l\u00e9gitime pour leur utilisation ou qu'elles soient strictement n\u00e9cessaires \u00e0 des fins l\u00e9gales ou judiciaires.<\/p>\n<p>La personne concern\u00e9e peut s'opposer au traitement de ses donn\u00e9es personnelles \u00e0 des fins de marketing direct.<\/p>\n<p>Droit de r\u00e9clamation : si vous estimez que le traitement de vos donn\u00e9es personnelles est contraire au GDPR, vous pouvez nous contacter par e-mail afin que nous puissions clarifier la situation. La personne concern\u00e9e peut \u00e0 tout moment introduire une r\u00e9clamation aupr\u00e8s de l'autorit\u00e9 responsable de l'\u00c9tat membre dans lequel elle vit, travaille ou dans lequel l'infraction a \u00e9t\u00e9 commise.<\/p>\n<p>Portabilit\u00e9 : si le titulaire des donn\u00e9es \u00e0 caract\u00e8re personnel a besoin de tout ou partie des donn\u00e9es \u00e0 caract\u00e8re personnel pour la conclusion d'un contrat ou d'un autre acte juridique ou pour des d\u00e9marches pr\u00e9contractuelles, et si les donn\u00e9es sont trait\u00e9es automatiquement, il peut, sans pr\u00e9judice des tiers, recevoir ses donn\u00e9es dans un format structur\u00e9, couramment utilis\u00e9 et lisible par machine, et les transmettre \u00e0 un autre responsable du traitement ou nous autoriser \u00e0 les fournir \u00e0 un autre responsable du traitement. Ce droit ne s'applique pas si la divulgation des informations est contraire \u00e0 l'int\u00e9r\u00eat public.<\/p>\n<p>Comment exercer vos droits : pour exercer vos droits, poser des questions sur la politique de confidentialit\u00e9, vous pouvez nous contacter par l'un des moyens fournis.<\/p>\n<p>S\u00e9curit\u00e9 : vos donn\u00e9es personnelles sont stock\u00e9es sur des \u00e9quipements informatiques s\u00e9curis\u00e9s. Tous les mots de passe sont crypt\u00e9s. Afin de garantir votre confidentialit\u00e9 et votre s\u00e9curit\u00e9, nous vous recommandons de ne pas divulguer votre mot de passe \u00e0 des tiers. Notre site web dispose d'une connexion s\u00e9curis\u00e9e (SSL) accessible \u00e0 toutes les pages concern\u00e9es. Si nous d\u00e9tectons une violation de vos donn\u00e9es personnelles, nous en informerons l'autorit\u00e9 de contr\u00f4le dans les 72 heures.<\/p>\n<p>Cookies : Les cookies sont de petits fichiers de donn\u00e9es transf\u00e9r\u00e9s d'un site web vers le disque de votre ordinateur. Kenaz Consulting LDA peut utiliser des cookies pour vous identifier si vous naviguez \u00e0 nouveau sur notre site. Les cookies ne contiennent pas d'informations personnelles telles que votre nom, votre adresse, votre num\u00e9ro de carte de cr\u00e9dit ou d'autres informations consid\u00e9r\u00e9es comme sensibles.<\/p>\n<p>Les navigateurs vous permettent de supprimer les cookies de votre ordinateur. Cependant, si vous bloquez les cookies, vous ne pourrez pas vous inscrire et entrer sur notre site, et vous ne pourrez pas profiter des avantages que ces petits fichiers peuvent vous offrir.<\/p>\n<p>Ao utilizar o site kenaz.pt concorda com esta Pol\u00edtica de Privacidade, bem como a utiliza\u00e7\u00e3o de cookies, que s\u00e3o os seguintes:<\/p>\n<p>COOKIES_OF_COUNTRY_CODE : pour vous identifier lorsque vous naviguez sur le site et pour identifier votre comportement lorsque vous naviguez sur le site.<\/p>\n<p>COOKIES_OF_IP_CLIENT, COOKIES_OF_COUNTRY_ID, COOKIES_OF_COUNTRY_DEFAULT_LANGUAGE : pour stocker des informations sur vos pr\u00e9f\u00e9rences et nous aider \u00e0 personnaliser les informations que nous mettons \u00e0 votre disposition.<\/p>\n<p>Cac, CLIENT_ACCEPT_COOKIE : pour enregistrer vos pr\u00e9f\u00e9rences concernant l'utilisation des cookies de mani\u00e8re plus g\u00e9n\u00e9rale.<\/p>\n<p>Voici des exemples de cookies utilis\u00e9s par des partenaires : i) Google Analytics, collecte des informations sur l'utilisation de notre site et cr\u00e9e des rapports li\u00e9s \u00e0 l'utilisation du site. Cookies concern\u00e9s : _ga, _gid, _gat, __utma, __utmb, __utmc, __utmt, __utmz ; ii) Facebook Pixel, un outil qui permet d'\u00e9valuer le comportement des personnes qui sont venues sur notre site via Facebook. Cookies pertinents : xs, wd, sb, presence, pl, m_pixel_ratio, fr, datr, c_user, act.<\/p>\n<p>Notez que la plupart des navigateurs vous permettent de refuser, d'accepter ou de supprimer les cookies. La proc\u00e9dure \u00e0 suivre varie en fonction du navigateur utilis\u00e9. Nous avons fourni des informations sur la mani\u00e8re de proc\u00e9der dans les diff\u00e9rents navigateurs :<\/p>\n<p>Chrome:<a href=\"https:\/\/support.google.com\/chrome\/answer\/95647?hl=en\" target=\"_blank\" rel=\"noopener\"> https:\/\/support.google.com\/chrome\/answer\/95647?hl=en<\/a><\/p>\n<p>Firefox:<a href=\"https:\/\/support.mozilla.org\/\" target=\"_blank\" rel=\"noopener\"> https:\/\/support.mozilla.org<\/a><\/p>\n<p>Opera:<a href=\"http:\/\/www.opera.com\/help\/tutorials\/security\/cookies\/\" target=\"_blank\" rel=\"noopener\"> http:\/\/www.opera.com\/help\/tutorials\/security\/cookies\/<\/a><\/p>\n<p>Internet Explorer:<a href=\"https:\/\/support.microsoft.com\/en-gb\/help\/17442\/windows-internet-explorer-delete-manage-cookies\" target=\"_blank\" rel=\"noopener\"> \u00a0<\/a><\/p>\n<p><span class=\"s3\"><a href=\"https:\/\/support.microsoft.com\/en-gb\/help\/17442\/windows-internet-explorer-delete-manage-cookies\" target=\"_blank\" rel=\"noopener\">https:\/\/support.microsoft.com\/en-gb\/help\/17442\/windows-internet-explorer-delete-manage-cookies<\/a><\/span><\/p>\n<p>Safari:<a href=\"https:\/\/support.apple.com\/kb\/PH21411\" target=\"_blank\" rel=\"noopener\"> https:\/\/support.apple.com\/kb\/PH21411<\/a><\/p>\n<p>Edge:<a href=\"https:\/\/privacy.microsoft.com\/en-us\/windows-10-microsoft-edge-and-privacy\" target=\"_blank\" rel=\"noopener\"> https:\/\/privacy.microsoft.com\/en-us\/windows-10-microsoft-edge-and-privacy<\/a><\/p>\n<p>Dispositions finales :<\/p>\n<p>Nous nous r\u00e9servons le droit de modifier la politique de confidentialit\u00e9 \u00e0 tout moment, conform\u00e9ment au r\u00e8glement g\u00e9n\u00e9ral sur la protection des donn\u00e9es. Toute modification de la politique de confidentialit\u00e9 de notre site web sera publi\u00e9e en ligne.<\/p>\n<p>O site kenaz.pt \u00e9 propriedade da Kenaz Consulting Lda., empresa portuguesa com sede em Portugal, com o n\u00famero de pessoa coletiva 516653946.<\/p>\n<p>Si vous avez besoin de nous contacter ou si vous avez des questions ou des suggestions concernant notre politique de protection de la vie priv\u00e9e, vous pouvez le faire par courrier \u00e9lectronique\/formulaire : <a href=\"mailto:info@kenaz.pt\">info@kenaz.pt<\/a><\/p>","protected":false},"excerpt":{"rendered":"<p>A Kenaz Consulting LDA., propriet\u00e1ria deste site, respeita o direito dos utilizadores \u00e0 prote\u00e7\u00e3o dos seus dados pessoais, nos termos do Regulamento Geral de Prote\u00e7\u00e3o de Dados (doravante, RGPD), institu\u00eddo pelo Regulamento CE N.\u00ba 2016\/679. Os dados pessoais dos utilizadores do nosso site (kenaz.pt)&#8230;<\/p>","protected":false},"author":2,"featured_media":0,"parent":0,"menu_order":0,"comment_status":"closed","ping_status":"open","template":"","meta":{"footnotes":""},"class_list":["post-3","page","type-page","status-publish","hentry"],"_links":{"self":[{"href":"https:\/\/kenaz.pt\/fr\/wp-json\/wp\/v2\/pages\/3","targetHints":{"allow":["GET"]}}],"collection":[{"href":"https:\/\/kenaz.pt\/fr\/wp-json\/wp\/v2\/pages"}],"about":[{"href":"https:\/\/kenaz.pt\/fr\/wp-json\/wp\/v2\/types\/page"}],"author":[{"embeddable":true,"href":"https:\/\/kenaz.pt\/fr\/wp-json\/wp\/v2\/users\/2"}],"replies":[{"embeddable":true,"href":"https:\/\/kenaz.pt\/fr\/wp-json\/wp\/v2\/comments?post=3"}],"version-history":[{"count":0,"href":"https:\/\/kenaz.pt\/fr\/wp-json\/wp\/v2\/pages\/3\/revisions"}],"wp:attachment":[{"href":"https:\/\/kenaz.pt\/fr\/wp-json\/wp\/v2\/media?parent=3"}],"curies":[{"name":"wp","href":"https:\/\/api.w.org\/{rel}","templated":true}]}}