{"id":71,"date":"2022-03-26T03:25:31","date_gmt":"2022-03-26T03:25:31","guid":{"rendered":"https:\/\/kenaz.pt\/?page_id=71"},"modified":"2022-03-30T18:22:32","modified_gmt":"2022-03-30T18:22:32","slug":"termos-condicoes","status":"publish","type":"page","link":"https:\/\/kenaz.pt\/fr\/termos-condicoes\/","title":{"rendered":"Termes &amp; Conditions"},"content":{"rendered":"<p>Les Termes et Conditions en vigueur du site sont pr\u00e9sents sur cette page. Pour toute question ou clarification, veuillez nous contacter. Ces Termes et Conditions peuvent \u00eatre mis \u00e0 jour \u00e0 tout moment pour couvrir un plus grand nombre de situations.<\/p>\n<h5>Conditions g\u00e9n\u00e9rales<\/h5>\n<p>L'acc\u00e8s et l'utilisation de ce site Web sont soumis aux termes et conditions suivants. En utilisant ce site Web, vous acceptez les conditions d'utilisation du site Web. Ces conditions peuvent \u00eatre modifi\u00e9es \u00e0 tout moment sans pr\u00e9avis, nous vous conseillons donc de visiter r\u00e9guli\u00e8rement cette page afin de prendre connaissance des \u00e9ventuelles modifications.<\/p>\n<h5>Acc\u00e8s<\/h5>\n<p>L'acc\u00e8s \u00e0 ce site est autoris\u00e9 sur une base temporaire. Nous nous r\u00e9servons le droit de modifier, de restreindre ou de retirer l'acc\u00e8s \u00e0 tout ou partie du site Web sans pr\u00e9avis. Nous ne sommes pas responsables si, pour une raison quelconque, le site Web est indisponible.<\/p>\n<h5>Vie priv\u00e9e<\/h5>\n<p>Notre politique de confidentialit\u00e9, qui r\u00e9git la mani\u00e8re dont nous utilisons vos informations, peut \u00eatre consult\u00e9e sur notre page Politique de confidentialit\u00e9. En utilisant ce site, vous consentez au traitement de vos informations de la mani\u00e8re d\u00e9crite dans notre politique de confidentialit\u00e9 et vous garantissez que toutes les informations que vous fournissez sont correctes.<\/p>\n<h5>Propri\u00e9t\u00e9 intellectuelle<\/h5>\n<p>Le contenu de ce site Web, y compris les textes, graphiques, images et autres informations, est prot\u00e9g\u00e9 par les droits de propri\u00e9t\u00e9 industrielle et le droit d'auteur et est la propri\u00e9t\u00e9 exclusive de Kenaz Consulting LDA.<\/p>\n<p>L'utilisateur ne peut utiliser ou s'approprier le contenu de ce site Web \u00e0 des fins personnelles ou commerciales sans le consentement \u00e9crit de Kenaz Consulting LDA.<\/p>\n<h5>Contenu<\/h5>\n<p>Tout le contenu du site Web est fourni \"tel quel\". Le contenu publi\u00e9 sur ce site est mis \u00e0 disposition sans garantie qu'il soit exempt d'erreurs, notamment en ce qui concerne les descriptions et les prix des services. Nous nous r\u00e9servons le droit de ne pas accepter les demandes si les informations ou le prix publi\u00e9s sont erron\u00e9s.<\/p>\n<p>Le contenu fourni par l'utilisateur, tel que les commentaires et les critiques, peut \u00eatre utilis\u00e9, trait\u00e9 ou supprim\u00e9 par Kenaz Consulting LDA.<\/p>\n<h5>Conduite<\/h5>\n<p>L'utilisateur s'engage \u00e0 respecter la l\u00e9gislation applicable, ainsi qu'\u00e0 agir de bonne foi et \u00e0 utiliser le site Internet sans porter atteinte aux droits des tiers. Il est express\u00e9ment interdit de soumettre ou de distribuer des contenus offensants, mena\u00e7ants et diffamatoires, de commettre ou d'encourager la pratique de d\u00e9lits et d'envoyer du mat\u00e9riel publicitaire ou promotionnel non sollicit\u00e9. Il est \u00e9galement interdit de diffuser des messages, de cr\u00e9er ou d'introduire tout type de virus ou de conseiller \u00e0 des tiers de le faire.<\/p>\n<h5>Loi applicable<\/h5>\n<p>Kenaz Consulting LDA. est une soci\u00e9t\u00e9 bas\u00e9e au Portugal et suit la loi portugaise. Tous les contenus et services vendus sont autoris\u00e9s au Portugal. Nous ne garantissons pas que tous les contenus ou services sont autoris\u00e9s dans d'autres pays. Si vous \u00eates un visiteur ou un client \u00e9tranger, l'acc\u00e8s au site Web et les demandes de services se font de votre propre initiative, \u00e9tant responsable du respect de la l\u00e9gislation locale, le cas \u00e9ch\u00e9ant.<\/p>","protected":false},"excerpt":{"rendered":"<p>Os Termos e Condi\u00e7\u00f5es atuais do site est\u00e3o presentes nesta p\u00e1gina. Para quaisquer d\u00favidas ou esclarecimentos por favor entre em contacto connosco. Estes Termos e Condi\u00e7\u00f5es podem ser atualizados a qualquer momento de modo a contemplar um maior n\u00famero de situa\u00e7\u00f5es. Condi\u00e7\u00f5es Gerais O&#8230;<\/p>","protected":false},"author":2,"featured_media":0,"parent":0,"menu_order":0,"comment_status":"closed","ping_status":"closed","template":"","meta":{"footnotes":""},"class_list":["post-71","page","type-page","status-publish","hentry"],"_links":{"self":[{"href":"https:\/\/kenaz.pt\/fr\/wp-json\/wp\/v2\/pages\/71","targetHints":{"allow":["GET"]}}],"collection":[{"href":"https:\/\/kenaz.pt\/fr\/wp-json\/wp\/v2\/pages"}],"about":[{"href":"https:\/\/kenaz.pt\/fr\/wp-json\/wp\/v2\/types\/page"}],"author":[{"embeddable":true,"href":"https:\/\/kenaz.pt\/fr\/wp-json\/wp\/v2\/users\/2"}],"replies":[{"embeddable":true,"href":"https:\/\/kenaz.pt\/fr\/wp-json\/wp\/v2\/comments?post=71"}],"version-history":[{"count":0,"href":"https:\/\/kenaz.pt\/fr\/wp-json\/wp\/v2\/pages\/71\/revisions"}],"wp:attachment":[{"href":"https:\/\/kenaz.pt\/fr\/wp-json\/wp\/v2\/media?parent=71"}],"curies":[{"name":"wp","href":"https:\/\/api.w.org\/{rel}","templated":true}]}}